{"id":120,"date":"2023-09-13T13:23:19","date_gmt":"2023-09-13T13:23:19","guid":{"rendered":"https:\/\/www.lollis.com.tr\/contact\/"},"modified":"2023-10-23T08:11:32","modified_gmt":"2023-10-23T08:11:32","slug":"contact","status":"publish","type":"page","link":"https:\/\/www.lollis.com.tr\/en\/contact\/","title":{"rendered":"Contact"},"content":{"rendered":"\n\t<section class=\"section\" id=\"section_1007577993\">\n\t\t<div class=\"bg section-bg fill bg-fill  bg-loaded\" >\n\n\t\t\t\n\t\t\t<div class=\"section-bg-overlay absolute fill\"><\/div>\n\t\t\t\n\n\t\t<\/div>\n\n\t\t\n\n\t\t<div class=\"section-content relative\">\n\t\t\t\n\n<div class=\"row row-collapse row-full-width align-center\"  id=\"row-1921640234\">\n\n\n\t<div id=\"col-928260997\" class=\"col small-12 large-12\"  >\n\t\t\t\t<div class=\"col-inner text-center dark\"  >\n\t\t\t\n\t\t\t\n\n\t<div id=\"text-612727851\" class=\"text\">\n\t\t\n\n<h2>Contact Us<\/h2>\n\t\t\n<style>\n#text-612727851 {\n  font-size: 1.85rem;\n  line-height: 0.75;\n  text-align: center;\n  color: rgb(0, 0, 0);\n}\n#text-612727851 > * {\n  color: rgb(0, 0, 0);\n}\n<\/style>\n\t<\/div>\n\t\n<p><iframe src=\"https:\/\/www.google.com\/maps\/embed?pb=!1m14!1m8!1m3!1d3011.390942007521!2d29.1473416!3d40.9948157!3m2!1i1024!2i768!4f13.1!3m3!1m2!1s0x14cacf7c9c316879%3A0xe63e642a72de47d9!2zTUVSS0VSIEtPWk1FVMSwSyBTQU5BWcSwIFZFIFTEsEMuUEFaLkxURC7FnlTEsA!5e0!3m2!1str!2str!4v1697721592103!5m2!1str!2str\" width=\"1920\" height=\"700\" style=\"border:0;\" allowfullscreen=\"\" loading=\"lazy\" referrerpolicy=\"no-referrer-when-downgrade\"><\/iframe><\/p>\n\n\t\t<\/div>\n\t\t\t\t\n<style>\n#col-928260997 > .col-inner {\n  padding: 100px 20px 200px 0px;\n}\n<\/style>\n\t<\/div>\n\n\t\n\n<\/div>\n\n\t\t<\/div>\n\n\t\t\n<style>\n#section_1007577993 {\n  padding-top: 0px;\n  padding-bottom: 0px;\n  min-height: 700px;\n  background-color: rgb(255, 255, 255);\n}\n#section_1007577993 .section-bg-overlay {\n  background-color: rgba(0, 0, 0, 0.12);\n}\n@media (min-width:550px) {\n  #section_1007577993 {\n    padding-top: 0px;\n    padding-bottom: 0px;\n  }\n  #section_1007577993 .section-bg-overlay {\n    background-color: rgba(0, 0, 0, 0.21);\n  }\n}\n@media (min-width:850px) {\n  #section_1007577993 {\n    padding-top: 30px;\n    padding-bottom: 30px;\n  }\n  #section_1007577993 .section-bg-overlay {\n    background-color: rgba(255, 255, 255, 0.12);\n  }\n}\n<\/style>\n\t<\/section>\n\t\n<div class=\"row row-large\" style=\"max-width:1400px\" id=\"row-1970707345\">\n\n\n\t<div id=\"col-299348578\" class=\"col small-12 large-12\"  >\n\t\t\t\t<div class=\"col-inner\" style=\"background-color:rgb(255, 255, 255);\" >\n\t\t\t\n\t\t\t\n\n<div class=\"row row-collapse row-full-width\"  id=\"row-33869928\">\n\n\n\t<div id=\"col-824482000\" class=\"col medium-12 small-12 large-5\"  >\n\t\t\t\t<div class=\"col-inner\"  >\n\t\t\t\n\t\t\t\n\n\t<div id=\"text-1549602331\" class=\"text\">\n\t\t\n\n\n\t\t\n<style>\n#text-1549602331 {\n  color: rgb(0,0,0);\n}\n#text-1549602331 > * {\n  color: rgb(0,0,0);\n}\n<\/style>\n\t<\/div>\n\t\n\t<div id=\"text-2205064187\" class=\"text\">\n\t\t\n\n<p class=\"uppercase\" style=\"text-align: left;\"><strong>MERKER KOZMET\u0130K SAN. VE T\u0130C. PAZ LTD. \u015eT\u0130<\/strong><\/p>\n<p style=\"text-align: left;\"><strong>\u015eerifali Mahallesi Burhan Sokak No: 42<\/strong><\/p>\n<p style=\"text-align: left;\"><strong>\u00dcMRAN\u0130YE \/\u0130STANBUL &#8211; T\u00dcRK\u0130YE<\/strong><\/p>\n<p style=\"text-align: left;\"><strong>Tel : +90 216 526 09 40<\/strong><\/p>\n<p style=\"text-align: left;\"><strong>Fax : +90 216 526 09 45<\/strong><\/p>\n<p style=\"text-align: left;\"><strong>E-mail: info@lollis.com.tr<\/strong><\/p>\n<p style=\"text-align: left;\"> <\/p>\n\t\t\n<style>\n#text-2205064187 {\n  font-size: 0.95rem;\n  line-height: 0.75;\n  text-align: center;\n  color: rgb(0,0,0);\n}\n#text-2205064187 > * {\n  color: rgb(0,0,0);\n}\n<\/style>\n\t<\/div>\n\t\n\t<div id=\"gap-763680871\" class=\"gap-element clearfix\" style=\"display:block; height:auto;\">\n\t\t\n<style>\n#gap-763680871 {\n  padding-top: 20px;\n}\n@media (min-width:550px) {\n  #gap-763680871 {\n    padding-top: 20px;\n  }\n}\n@media (min-width:850px) {\n  #gap-763680871 {\n    padding-top: 30px;\n  }\n}\n<\/style>\n\t<\/div>\n\t\n\n<div class=\"row\"  id=\"row-912762721\">\n\n\n<\/div>\n\n\t\t<\/div>\n\t\t\t\t\n<style>\n#col-824482000 > .col-inner {\n  padding: 0px 0px 0px 20px;\n}\n<\/style>\n\t<\/div>\n\n\t\n\n\t<div id=\"col-2077986127\" class=\"col medium-5 small-12 large-5\"  >\n\t\t\t\t<div class=\"col-inner\"  >\n\t\t\t\n\t\t\t\n\n\n<div class=\"wpcf7 no-js\" id=\"wpcf7-f132-o1\" lang=\"tr-TR\" dir=\"ltr\" data-wpcf7-id=\"132\">\n<div class=\"screen-reader-response\"><p role=\"status\" aria-live=\"polite\" aria-atomic=\"true\"><\/p> <ul><\/ul><\/div>\n<form action=\"\/en\/wp-json\/wp\/v2\/pages\/120#wpcf7-f132-o1\" method=\"post\" class=\"wpcf7-form init\" aria-label=\"\u0130leti\u015fim Formu\" novalidate=\"novalidate\" data-status=\"init\">\n<fieldset class=\"hidden-fields-container\"><input type=\"hidden\" name=\"_wpcf7\" value=\"132\" \/><input type=\"hidden\" name=\"_wpcf7_version\" value=\"6.1.5\" \/><input type=\"hidden\" name=\"_wpcf7_locale\" value=\"tr_TR\" \/><input type=\"hidden\" name=\"_wpcf7_unit_tag\" value=\"wpcf7-f132-o1\" \/><input type=\"hidden\" name=\"_wpcf7_container_post\" value=\"0\" \/><input type=\"hidden\" name=\"_wpcf7_posted_data_hash\" value=\"\" \/>\n<\/fieldset>\n<p><label> Ad\u0131n\u0131z<br \/>\n<span class=\"wpcf7-form-control-wrap\" data-name=\"your-name\"><input size=\"40\" maxlength=\"400\" class=\"wpcf7-form-control wpcf7-text wpcf7-validates-as-required\" autocomplete=\"name\" aria-required=\"true\" aria-invalid=\"false\" value=\"\" type=\"text\" name=\"your-name\" \/><\/span> <\/label>\n<\/p>\n<p><label> E-posta adresiniz<br \/>\n<span class=\"wpcf7-form-control-wrap\" data-name=\"your-email\"><input size=\"40\" maxlength=\"400\" class=\"wpcf7-form-control wpcf7-email wpcf7-validates-as-required wpcf7-text wpcf7-validates-as-email\" autocomplete=\"email\" aria-required=\"true\" aria-invalid=\"false\" value=\"\" type=\"email\" name=\"your-email\" \/><\/span> <\/label>\n<\/p>\n<p><label> Konu<br \/>\n<span class=\"wpcf7-form-control-wrap\" data-name=\"your-subject\"><input size=\"40\" maxlength=\"400\" class=\"wpcf7-form-control wpcf7-text wpcf7-validates-as-required\" aria-required=\"true\" aria-invalid=\"false\" value=\"\" type=\"text\" name=\"your-subject\" \/><\/span> <\/label>\n<\/p>\n<p><label> \u0130letiniz (tercihe ba\u011fl\u0131)<br \/>\n<span class=\"wpcf7-form-control-wrap\" data-name=\"your-message\"><textarea cols=\"40\" rows=\"10\" maxlength=\"2000\" class=\"wpcf7-form-control wpcf7-textarea\" aria-invalid=\"false\" name=\"your-message\"><\/textarea><\/span> <\/label>\n<\/p>\n<p><input class=\"wpcf7-form-control wpcf7-submit has-spinner\" type=\"submit\" value=\"G\u00f6nder\" \/>\n<\/p><div class=\"wpcf7-response-output\" aria-hidden=\"true\"><\/div>\n<\/form>\n<\/div>\n\n\n\n\t\t<\/div>\n\t\t\t\t\t<\/div>\n\n\t\n\n\t<div id=\"col-1779838078\" class=\"col medium-12 small-12 large-10\"  >\n\t\t\t\t<div class=\"col-inner\"  >\n\t\t\t\n\t\t\t\n\n\t<div id=\"gap-2008512475\" class=\"gap-element clearfix\" style=\"display:block; height:auto;\">\n\t\t\n<style>\n#gap-2008512475 {\n  padding-top: 20px;\n}\n@media (min-width:550px) {\n  #gap-2008512475 {\n    padding-top: 20px;\n  }\n}\n@media (min-width:850px) {\n  #gap-2008512475 {\n    padding-top: 30px;\n  }\n}\n<\/style>\n\t<\/div>\n\t\n\n<\/p>\n\n\t\t<\/div>\n\t\t\t\t\t<\/div>\n\n\t\n\n\n<style>\n#row-33869928 > .col > .col-inner {\n  padding: 0px 15px 0px 15px;\n}\n<\/style>\n<\/div>\n\n\t\t<\/div>\n\t\t\t\t\n<style>\n#col-299348578 > .col-inner {\n  padding: 50px 20px 0px 20px;\n  margin: -0 0px 0px 0px;\n}\n@media (min-width:550px) {\n  #col-299348578 > .col-inner {\n    padding: 50px 20px 30px 20px;\n    margin: 0 0px 0px 0px;\n  }\n}\n@media (min-width:850px) {\n  #col-299348578 > .col-inner {\n    padding: 66px 5% 16px 5%;\n    margin: -135px 0px 0px 0px;\n  }\n}\n<\/style>\n\t<\/div>\n\n\t\n\n<\/div>\n\n","protected":false},"excerpt":{"rendered":"","protected":false},"author":1,"featured_media":0,"parent":0,"menu_order":0,"comment_status":"closed","ping_status":"closed","template":"page-blank.php","meta":{"footnotes":""},"class_list":["post-120","page","type-page","status-publish","hentry"],"_links":{"self":[{"href":"https:\/\/www.lollis.com.tr\/en\/wp-json\/wp\/v2\/pages\/120","targetHints":{"allow":["GET"]}}],"collection":[{"href":"https:\/\/www.lollis.com.tr\/en\/wp-json\/wp\/v2\/pages"}],"about":[{"href":"https:\/\/www.lollis.com.tr\/en\/wp-json\/wp\/v2\/types\/page"}],"author":[{"embeddable":true,"href":"https:\/\/www.lollis.com.tr\/en\/wp-json\/wp\/v2\/users\/1"}],"replies":[{"embeddable":true,"href":"https:\/\/www.lollis.com.tr\/en\/wp-json\/wp\/v2\/comments?post=120"}],"version-history":[{"count":3,"href":"https:\/\/www.lollis.com.tr\/en\/wp-json\/wp\/v2\/pages\/120\/revisions"}],"predecessor-version":[{"id":2848,"href":"https:\/\/www.lollis.com.tr\/en\/wp-json\/wp\/v2\/pages\/120\/revisions\/2848"}],"wp:attachment":[{"href":"https:\/\/www.lollis.com.tr\/en\/wp-json\/wp\/v2\/media?parent=120"}],"curies":[{"name":"wp","href":"https:\/\/api.w.org\/{rel}","templated":true}]}}