{"id":1571,"date":"2023-09-25T10:15:30","date_gmt":"2023-09-25T10:15:30","guid":{"rendered":"https:\/\/www.lollis.com.tr\/?post_type=product&#038;p=1571"},"modified":"2024-11-28T13:53:19","modified_gmt":"2024-11-28T13:53:19","slug":"dudak-koruyucu-klasik","status":"publish","type":"product","link":"https:\/\/www.lollis.com.tr\/en\/magaza\/dudak-koruyucu-klasik\/","title":{"rendered":"Lip Care Classic"},"content":{"rendered":"<p>Do\u011fal, parlak, yumu\u015fak ve besleyici bak\u0131m. Shea Ya\u011f\u0131 ve E Vitamini i\u00e7eren Lollis Klasik Dudak Koruyucunun etkili form\u00fclasyonu dudaklar\u0131n\u0131za do\u011fal bir g\u00f6r\u00fcn\u00fcm ve bak\u0131m kazand\u0131r\u0131r.<\/p>\n","protected":false},"excerpt":{"rendered":"<p>Do\u011fal, parlak, yumu\u015fak ve besleyici bak\u0131m. Shea Ya\u011f\u0131 ve E Vitamini i\u00e7eren Lollis Klasik Dudak Koruyucunun etkili form\u00fclasyonu dudaklar\u0131n\u0131za do\u011fal bir g\u00f6r\u00fcn\u00fcm ve bak\u0131m kazand\u0131r\u0131r.<\/p>\n","protected":false},"featured_media":5097,"comment_status":"open","ping_status":"closed","template":"","meta":[],"product_brand":[],"product_cat":[149,150,146],"product_tag":[],"class_list":{"0":"post-1571","1":"product","2":"type-product","3":"status-publish","4":"has-post-thumbnail","6":"product_cat-lipcare","7":"product_cat-lollis-lipcare","8":"product_cat-lips","10":"first","11":"instock","12":"taxable","13":"shipping-taxable","14":"product-type-simple"},"_links":{"self":[{"href":"https:\/\/www.lollis.com.tr\/en\/wp-json\/wp\/v2\/product\/1571","targetHints":{"allow":["GET"]}}],"collection":[{"href":"https:\/\/www.lollis.com.tr\/en\/wp-json\/wp\/v2\/product"}],"about":[{"href":"https:\/\/www.lollis.com.tr\/en\/wp-json\/wp\/v2\/types\/product"}],"replies":[{"embeddable":true,"href":"https:\/\/www.lollis.com.tr\/en\/wp-json\/wp\/v2\/comments?post=1571"}],"wp:featuredmedia":[{"embeddable":true,"href":"https:\/\/www.lollis.com.tr\/en\/wp-json\/wp\/v2\/media\/5097"}],"wp:attachment":[{"href":"https:\/\/www.lollis.com.tr\/en\/wp-json\/wp\/v2\/media?parent=1571"}],"wp:term":[{"taxonomy":"product_brand","embeddable":true,"href":"https:\/\/www.lollis.com.tr\/en\/wp-json\/wp\/v2\/product_brand?post=1571"},{"taxonomy":"product_cat","embeddable":true,"href":"https:\/\/www.lollis.com.tr\/en\/wp-json\/wp\/v2\/product_cat?post=1571"},{"taxonomy":"product_tag","embeddable":true,"href":"https:\/\/www.lollis.com.tr\/en\/wp-json\/wp\/v2\/product_tag?post=1571"}],"curies":[{"name":"wp","href":"https:\/\/api.w.org\/{rel}","templated":true}]}}