{"id":1636,"date":"2023-09-25T12:10:47","date_gmt":"2023-09-25T12:10:47","guid":{"rendered":"https:\/\/www.lollis.com.tr\/?post_type=product&#038;p=1636"},"modified":"2025-03-04T12:37:35","modified_gmt":"2025-03-04T12:37:35","slug":"renkli-dudak-parlatici-004-vain","status":"publish","type":"product","link":"https:\/\/www.lollis.com.tr\/en\/magaza\/renkli-dudak-parlatici-004-vain\/","title":{"rendered":"Full Color Lipgloss 004 Vain"},"content":{"rendered":"<p>Trendlere uygun moda renkleri ve zenginle\u015ftirilmi\u015f form\u00fcl\u00fc ile dudaklar\u0131n\u0131z\u0131 yap\u0131\u015fkanl\u0131k hissi b\u0131rakmadan canland\u0131rmaya ve beslemeye yard\u0131mc\u0131 olur. Esnek ve yumu\u015fak aplikat\u00f6r\u00fc ile kullan\u0131m kolayl\u0131\u011f\u0131 sa\u011flar.<\/p>\n","protected":false},"excerpt":{"rendered":"<p>Trendlere uygun moda renkleri ve zenginle\u015ftirilmi\u015f form\u00fcl\u00fc ile dudaklar\u0131n\u0131z\u0131 yap\u0131\u015fkanl\u0131k hissi b\u0131rakmadan canland\u0131rmaya ve beslemeye yard\u0131mc\u0131 olur. Esnek ve yumu\u015fak aplikat\u00f6r\u00fc ile kullan\u0131m kolayl\u0131\u011f\u0131 sa\u011flar.<\/p>\n","protected":false},"featured_media":5050,"comment_status":"open","ping_status":"closed","template":"","meta":[],"product_brand":[],"product_cat":[133,125,131],"product_tag":[],"class_list":{"0":"post-1636","1":"product","2":"type-product","3":"status-publish","4":"has-post-thumbnail","6":"product_cat-renkli-dudak-parlaticisi","7":"product_cat-dudak","8":"product_cat-dudak-parlatici","10":"first","11":"instock","12":"taxable","13":"shipping-taxable","14":"product-type-simple"},"_links":{"self":[{"href":"https:\/\/www.lollis.com.tr\/en\/wp-json\/wp\/v2\/product\/1636","targetHints":{"allow":["GET"]}}],"collection":[{"href":"https:\/\/www.lollis.com.tr\/en\/wp-json\/wp\/v2\/product"}],"about":[{"href":"https:\/\/www.lollis.com.tr\/en\/wp-json\/wp\/v2\/types\/product"}],"replies":[{"embeddable":true,"href":"https:\/\/www.lollis.com.tr\/en\/wp-json\/wp\/v2\/comments?post=1636"}],"wp:featuredmedia":[{"embeddable":true,"href":"https:\/\/www.lollis.com.tr\/en\/wp-json\/wp\/v2\/media\/5050"}],"wp:attachment":[{"href":"https:\/\/www.lollis.com.tr\/en\/wp-json\/wp\/v2\/media?parent=1636"}],"wp:term":[{"taxonomy":"product_brand","embeddable":true,"href":"https:\/\/www.lollis.com.tr\/en\/wp-json\/wp\/v2\/product_brand?post=1636"},{"taxonomy":"product_cat","embeddable":true,"href":"https:\/\/www.lollis.com.tr\/en\/wp-json\/wp\/v2\/product_cat?post=1636"},{"taxonomy":"product_tag","embeddable":true,"href":"https:\/\/www.lollis.com.tr\/en\/wp-json\/wp\/v2\/product_tag?post=1636"}],"curies":[{"name":"wp","href":"https:\/\/api.w.org\/{rel}","templated":true}]}}