{"id":2071,"date":"2023-09-26T12:07:34","date_gmt":"2023-09-26T12:07:34","guid":{"rendered":"https:\/\/www.lollis.com.tr\/?post_type=product&#038;p=2071"},"modified":"2024-12-03T14:26:06","modified_gmt":"2024-12-03T14:26:06","slug":"waterproof-lipliner-208-classic-brown","status":"publish","type":"product","link":"https:\/\/www.lollis.com.tr\/en\/magaza\/waterproof-lipliner-208-classic-brown\/","title":{"rendered":"Waterproof Lipliner 208 Classic Brown"},"content":{"rendered":"<p>Suya dayan\u0131kl\u0131 yap\u0131s\u0131 yo\u011fun renk verme \u00f6zelli\u011fi ile dudak \u00e7er\u00e7evenizin belirgin ve kal\u0131c\u0131 olmas\u0131n\u0131 sa\u011flar. Hem tek ba\u015f\u0131na hemde ruja baz te\u015fkil edecek \u015fekilde kullan\u0131labilir.<\/p>\n","protected":false},"excerpt":{"rendered":"<p>Suya dayan\u0131kl\u0131 yap\u0131s\u0131 yo\u011fun renk verme \u00f6zelli\u011fi ile dudak \u00e7er\u00e7evenizin belirgin ve kal\u0131c\u0131 olmas\u0131n\u0131 sa\u011flar. Hem tek ba\u015f\u0131na hemde ruja baz te\u015fkil edecek \u015fekilde kullan\u0131labilir.<\/p>\n","protected":false},"featured_media":5289,"comment_status":"open","ping_status":"closed","template":"","meta":[],"product_brand":[],"product_cat":[137,125,136],"product_tag":[],"class_list":{"0":"post-2071","1":"product","2":"type-product","3":"status-publish","4":"has-post-thumbnail","6":"product_cat-suya-dayanikli-dudak-kalemi","7":"product_cat-dudak","8":"product_cat-dudak-kalemi","10":"first","11":"instock","12":"taxable","13":"shipping-taxable","14":"product-type-simple"},"_links":{"self":[{"href":"https:\/\/www.lollis.com.tr\/en\/wp-json\/wp\/v2\/product\/2071","targetHints":{"allow":["GET"]}}],"collection":[{"href":"https:\/\/www.lollis.com.tr\/en\/wp-json\/wp\/v2\/product"}],"about":[{"href":"https:\/\/www.lollis.com.tr\/en\/wp-json\/wp\/v2\/types\/product"}],"replies":[{"embeddable":true,"href":"https:\/\/www.lollis.com.tr\/en\/wp-json\/wp\/v2\/comments?post=2071"}],"wp:featuredmedia":[{"embeddable":true,"href":"https:\/\/www.lollis.com.tr\/en\/wp-json\/wp\/v2\/media\/5289"}],"wp:attachment":[{"href":"https:\/\/www.lollis.com.tr\/en\/wp-json\/wp\/v2\/media?parent=2071"}],"wp:term":[{"taxonomy":"product_brand","embeddable":true,"href":"https:\/\/www.lollis.com.tr\/en\/wp-json\/wp\/v2\/product_brand?post=2071"},{"taxonomy":"product_cat","embeddable":true,"href":"https:\/\/www.lollis.com.tr\/en\/wp-json\/wp\/v2\/product_cat?post=2071"},{"taxonomy":"product_tag","embeddable":true,"href":"https:\/\/www.lollis.com.tr\/en\/wp-json\/wp\/v2\/product_tag?post=2071"}],"curies":[{"name":"wp","href":"https:\/\/api.w.org\/{rel}","templated":true}]}}