{"id":491,"date":"2023-09-21T11:09:29","date_gmt":"2023-09-21T11:09:29","guid":{"rendered":"https:\/\/www.lollis.com.tr\/urun\/compact-powder\/"},"modified":"2025-09-04T07:50:43","modified_gmt":"2025-09-04T07:50:43","slug":"lollis-pudra-01","status":"publish","type":"product","link":"https:\/\/www.lollis.com.tr\/en\/magaza\/lollis-pudra-01\/","title":{"rendered":"Compact Powder 01"},"content":{"rendered":"<p>It gives a natural look to cover your skin with its color variations suibtable for all skin tones. It gives a natural look to cover your skin with its color variations suibtable for all skin tones. You can easily apply Lollis powder with its silky and soft texture that creates a smooth and velvety skin look. <\/p>\n","protected":false},"excerpt":{"rendered":"<p>Lollis Compact Powder Her t\u00fcrl\u00fc cilt rengine uygun renk se\u00e7enekleri ile cildinize do\u011fal bir kapat\u0131c\u0131l\u0131k verir.<\/p>\n","protected":false},"featured_media":6487,"comment_status":"open","ping_status":"closed","template":"","meta":[],"product_brand":[],"product_cat":[251,204,249],"product_tag":[265],"class_list":{"0":"post-491","1":"product","2":"type-product","3":"status-publish","4":"has-post-thumbnail","6":"product_cat-compact-powder","7":"product_cat-face","8":"product_cat-powder","9":"product_tag-indirimli-urunler-en","11":"first","12":"instock","13":"taxable","14":"shipping-taxable","15":"product-type-simple"},"_links":{"self":[{"href":"https:\/\/www.lollis.com.tr\/en\/wp-json\/wp\/v2\/product\/491","targetHints":{"allow":["GET"]}}],"collection":[{"href":"https:\/\/www.lollis.com.tr\/en\/wp-json\/wp\/v2\/product"}],"about":[{"href":"https:\/\/www.lollis.com.tr\/en\/wp-json\/wp\/v2\/types\/product"}],"replies":[{"embeddable":true,"href":"https:\/\/www.lollis.com.tr\/en\/wp-json\/wp\/v2\/comments?post=491"}],"wp:featuredmedia":[{"embeddable":true,"href":"https:\/\/www.lollis.com.tr\/en\/wp-json\/wp\/v2\/media\/6487"}],"wp:attachment":[{"href":"https:\/\/www.lollis.com.tr\/en\/wp-json\/wp\/v2\/media?parent=491"}],"wp:term":[{"taxonomy":"product_brand","embeddable":true,"href":"https:\/\/www.lollis.com.tr\/en\/wp-json\/wp\/v2\/product_brand?post=491"},{"taxonomy":"product_cat","embeddable":true,"href":"https:\/\/www.lollis.com.tr\/en\/wp-json\/wp\/v2\/product_cat?post=491"},{"taxonomy":"product_tag","embeddable":true,"href":"https:\/\/www.lollis.com.tr\/en\/wp-json\/wp\/v2\/product_tag?post=491"}],"curies":[{"name":"wp","href":"https:\/\/api.w.org\/{rel}","templated":true}]}}